{"id":340,"date":"2024-12-11T11:41:58","date_gmt":"2024-12-11T11:41:58","guid":{"rendered":"https:\/\/duecr.it\/?page_id=340"},"modified":"2024-12-11T11:43:03","modified_gmt":"2024-12-11T11:43:03","slug":"cantieri-in-sicurezza","status":"publish","type":"page","link":"https:\/\/duecr.it\/index.php\/cantieri-in-sicurezza\/","title":{"rendered":"Cantieri in Sicurezza"},"content":{"rendered":"\t\t<div data-elementor-type=\"wp-page\" data-elementor-id=\"340\" class=\"elementor elementor-340\" data-elementor-post-type=\"page\">\n\t\t\t\t<div class=\"elementor-element elementor-element-53fba56 e-con-full e-flex e-con e-parent\" data-id=\"53fba56\" data-element_type=\"container\">\n\t\t<div class=\"elementor-element elementor-element-ec83c58 e-con-full e-flex e-con e-child\" data-id=\"ec83c58\" data-element_type=\"container\">\n\t\t<div class=\"elementor-element elementor-element-0052fd2 e-con-full e-flex e-con e-child\" data-id=\"0052fd2\" data-element_type=\"container\">\n\t\t\t\t<div class=\"elementor-element elementor-element-7c1f81f elementor-invisible elementor-widget elementor-widget-heading\" data-id=\"7c1f81f\" data-element_type=\"widget\" data-settings=\"{&quot;_animation&quot;:&quot;fadeInRight&quot;}\" data-widget_type=\"heading.default\">\n\t\t\t\t<div class=\"elementor-widget-container\">\n\t\t\t\t\t<h1 class=\"elementor-heading-title elementor-size-default\">Cantieri in Sicurezza<\/h1>\t\t\t\t<\/div>\n\t\t\t\t<\/div>\n\t\t\t\t<div class=\"elementor-element elementor-element-4915654 elementor-widget elementor-widget-text-editor\" data-id=\"4915654\" data-element_type=\"widget\" data-widget_type=\"text-editor.default\">\n\t\t\t\t<div class=\"elementor-widget-container\">\n\t\t\t\t\t\t\t\t\t<p><strong>Cantieri in Sicurezza: La Tua Fiducia \u00e8 la Nostra Priorit\u00e0<\/strong><\/p><p><strong>Il Nostro Metodo di Lavoro<\/strong><\/p><p>Nel mondo dell&#8217;edilizia, la sicurezza e la fiducia sono elementi imprescindibili per il successo di ogni progetto. Il nostro metodo di lavoro si concentra sulla creazione di un rapporto di\u00a0<strong>massima fiducia<\/strong>\u00a0con il cliente, permettendo una collaborazione trasparente e personalizzata per valutare insieme la realizzazione della struttura ideale.<\/p><p><strong>Un Approccio su Misura<\/strong><\/p><p>Crediamo che ogni progetto debba riflettere non solo le esigenze pratiche, ma anche il\u00a0<strong>gusto<\/strong>\u00a0e i\u00a0<strong>dettagli<\/strong>\u00a0che rendono unica una costruzione. Siamo attenti a bilanciare estetica e funzionalit\u00e0, senza trascurare l&#8217;aspetto economico, per offrire soluzioni che soddisfino appieno le aspettative del cliente.<\/p><p><strong>Sicurezza al Primo Posto<\/strong><\/p><p>Che si tratti di nuove costruzioni o ristrutturazioni, le attrezzature e le tecniche utilizzate sono fondamentali per garantire le necessarie\u00a0<strong>misure di prevenzione e protezione<\/strong>. Operiamo sempre nel rispetto della normativa vigente sulla sicurezza nei cantieri, assicurando che ogni fase del lavoro risponda ai pi\u00f9 alti standard di sicurezza.<\/p><p><strong>Attrezzature e Normative<\/strong><\/p><p>Utilizziamo attrezzature all&#8217;avanguardia che rispettano le normative pi\u00f9 recenti, garantendo cos\u00ec un ambiente di lavoro sicuro e conforme. La nostra attenzione alla sicurezza non \u00e8 solo un obbligo, ma un impegno verso il benessere dei nostri lavoratori e la tranquillit\u00e0 dei nostri clienti.<\/p><p><strong>Conclusione<\/strong><\/p><p>La sicurezza nei cantieri \u00e8 una responsabilit\u00e0 che prendiamo seriamente. Scegliendoci, non solo avrai la garanzia di un lavoro eseguito con professionalit\u00e0 e attenzione al dettaglio, ma anche la certezza che ogni misura di sicurezza sar\u00e0 rispettata. Collabora con noi per un progetto che unisce qualit\u00e0, sicurezza e fiducia.<\/p><p>Per ulteriori informazioni su come possiamo supportarti nel tuo prossimo progetto, non esitare a contattarci. Siamo qui per trasformare le tue idee in realt\u00e0, in totale sicurezza.<\/p>\t\t\t\t\t\t\t\t<\/div>\n\t\t\t\t<\/div>\n\t\t\t\t<\/div>\n\t\t\t\t<\/div>\n\t\t\t\t<\/div>\n\t\t\t\t<\/div>\n\t\t","protected":false},"excerpt":{"rendered":"<p>Cantieri in Sicurezza Cantieri in Sicurezza: La Tua Fiducia \u00e8 la Nostra Priorit\u00e0 Il Nostro Metodo di Lavoro Nel mondo dell&#8217;edilizia, la sicurezza e la fiducia sono elementi imprescindibili per il successo di ogni progetto. Il nostro metodo di lavoro si concentra sulla creazione di un rapporto di\u00a0massima fiducia\u00a0con il cliente, permettendo una collaborazione trasparente [&hellip;]<\/p>\n","protected":false},"author":1,"featured_media":0,"parent":0,"menu_order":0,"comment_status":"closed","ping_status":"closed","template":"elementor_header_footer","meta":{"footnotes":""},"class_list":["post-340","page","type-page","status-publish","hentry"],"_links":{"self":[{"href":"https:\/\/duecr.it\/index.php\/wp-json\/wp\/v2\/pages\/340","targetHints":{"allow":["GET"]}}],"collection":[{"href":"https:\/\/duecr.it\/index.php\/wp-json\/wp\/v2\/pages"}],"about":[{"href":"https:\/\/duecr.it\/index.php\/wp-json\/wp\/v2\/types\/page"}],"author":[{"embeddable":true,"href":"https:\/\/duecr.it\/index.php\/wp-json\/wp\/v2\/users\/1"}],"replies":[{"embeddable":true,"href":"https:\/\/duecr.it\/index.php\/wp-json\/wp\/v2\/comments?post=340"}],"version-history":[{"count":4,"href":"https:\/\/duecr.it\/index.php\/wp-json\/wp\/v2\/pages\/340\/revisions"}],"predecessor-version":[{"id":344,"href":"https:\/\/duecr.it\/index.php\/wp-json\/wp\/v2\/pages\/340\/revisions\/344"}],"wp:attachment":[{"href":"https:\/\/duecr.it\/index.php\/wp-json\/wp\/v2\/media?parent=340"}],"curies":[{"name":"wp","href":"https:\/\/api.w.org\/{rel}","templated":true}]}}